{"id":165,"date":"2023-07-04T13:41:25","date_gmt":"2023-07-04T05:41:25","guid":{"rendered":"https:\/\/www.homefurnitureliving.com\/?page_id=165"},"modified":"2026-01-29T16:10:17","modified_gmt":"2026-01-29T08:10:17","slug":"contact-us","status":"publish","type":"page","link":"https:\/\/www.homefurnitureliving.com\/fr\/contact-us\/","title":{"rendered":"Contactez-nous"},"content":{"rendered":"<div data-elementor-type=\"wp-page\" data-elementor-id=\"165\" class=\"elementor elementor-165\" data-elementor-post-type=\"page\">\n\t\t\t\t<div class=\"elementor-element elementor-element-129c51c2 e-flex e-con-boxed e-con e-parent\" data-id=\"129c51c2\" data-element_type=\"container\" data-settings=\"{&quot;background_background&quot;:&quot;classic&quot;}\">\n\t\t\t\t\t<div class=\"e-con-inner\">\n\t\t\t\t<div class=\"elementor-element elementor-element-2e69f7f3 elementor-absolute elementor-invisible elementor-widget elementor-widget-heading\" data-id=\"2e69f7f3\" data-element_type=\"widget\" data-settings=\"{&quot;_position&quot;:&quot;absolute&quot;,&quot;_animation&quot;:&quot;fadeInUp&quot;}\" data-widget_type=\"heading.default\">\n\t\t\t\t\t<div class=\"elementor-heading-title elementor-size-default\">Contact<\/div>\t\t\t\t<\/div>\n\t\t<div class=\"elementor-element elementor-element-3595d035 e-con-full e-flex e-con e-child\" data-id=\"3595d035\" data-element_type=\"container\">\n\t\t\t\t<div class=\"elementor-element elementor-element-12e7c92d elementor-invisible elementor-widget elementor-widget-heading\" data-id=\"12e7c92d\" data-element_type=\"widget\" data-settings=\"{&quot;_animation&quot;:&quot;fadeInLeft&quot;}\" data-widget_type=\"heading.default\">\n\t\t\t\t\t<h1 class=\"elementor-heading-title elementor-size-default\">Contactez-nous<\/h1>\t\t\t\t<\/div>\n\t\t\t\t<\/div>\n\t\t\t\t\t<\/div>\n\t\t\t\t<\/div>\n\t\t<div class=\"elementor-element elementor-element-b124f63 e-flex e-con-boxed e-con e-parent\" data-id=\"b124f63\" data-element_type=\"container\" data-settings=\"{&quot;background_background&quot;:&quot;classic&quot;}\">\n\t\t\t\t\t<div class=\"e-con-inner\">\n\t\t\t\t<div class=\"elementor-element elementor-element-726e525 breadcrumb elementor-widget elementor-widget-shortcode\" data-id=\"726e525\" data-element_type=\"widget\" data-widget_type=\"shortcode.default\">\n\t\t\t\t\t\t\t<div class=\"elementor-shortcode\"><nav aria-label=\"miettes de pain\" class=\"rank-math-breadcrumb\"><p><span class=\"last\">Accueil<\/span><\/p><\/nav><\/div>\n\t\t\t\t\t\t<\/div>\n\t\t\t\t\t<\/div>\n\t\t\t\t<\/div>\n\t\t<div class=\"elementor-element elementor-element-1cf0f0ef e-flex e-con-boxed e-con e-parent\" data-id=\"1cf0f0ef\" data-element_type=\"container\">\n\t\t\t\t\t<div class=\"e-con-inner\">\n\t\t<div class=\"elementor-element elementor-element-5b5ddf4f e-con-full e-flex elementor-invisible e-con e-child\" data-id=\"5b5ddf4f\" data-element_type=\"container\" data-settings=\"{&quot;animation&quot;:&quot;fadeInLeft&quot;}\">\n\t\t\t\t<div class=\"elementor-element elementor-element-2e99d40f elementor-widget elementor-widget-heading\" data-id=\"2e99d40f\" data-element_type=\"widget\" data-widget_type=\"heading.default\">\n\t\t\t\t\t<h6 class=\"elementor-heading-title elementor-size-default\">Entrer en contact<\/h6>\t\t\t\t<\/div>\n\t\t\t\t<div class=\"elementor-element elementor-element-8dcb9d6 elementor-icon-list--layout-traditional elementor-list-item-link-full_width elementor-widget elementor-widget-icon-list\" data-id=\"8dcb9d6\" data-element_type=\"widget\" data-widget_type=\"icon-list.default\">\n\t\t\t\t\t\t\t<ul class=\"elementor-icon-list-items\">\n\t\t\t\t\t\t\t<li class=\"elementor-icon-list-item\">\n\t\t\t\t\t\t\t\t\t\t\t<a href=\"mailto:business@homefurnitureliving.com\">\n\n\t\t\t\t\t\t\t\t\t\t\t\t<span class=\"elementor-icon-list-icon\">\n\t\t\t\t\t\t\t<svg aria-hidden=\"true\" class=\"e-font-icon-svg e-far-envelope\" viewbox=\"0 0 512 512\" xmlns=\"http:\/\/www.w3.org\/2000\/svg\"><path d=\"M464 64H48C21.49 64 0 85.49 0 112v288c0 26.51 21.49 48 48 48h416c26.51 0 48-21.49 48-48V112c0-26.51-21.49-48-48-48zm0 48v40.805c-22.422 18.259-58.168 46.651-134.587 106.49-16.841 13.247-50.201 45.072-73.413 44.701-23.208.375-56.579-31.459-73.413-44.701C106.18 199.465 70.425 171.067 48 152.805V112h416zM48 400V214.398c22.914 18.251 55.409 43.862 104.938 82.646 21.857 17.205 60.134 55.186 103.062 54.955 42.717.231 80.509-37.199 103.053-54.947 49.528-38.783 82.032-64.401 104.947-82.653V400H48z\"><\/path><\/svg>\t\t\t\t\t\t<\/span>\n\t\t\t\t\t\t\t\t\t\t<span class=\"elementor-icon-list-text\">business@homefurnitureliving.com<\/span>\n\t\t\t\t\t\t\t\t\t\t\t<\/a>\n\t\t\t\t\t\t\t\t\t<\/li>\n\t\t\t\t\t\t\t\t<li class=\"elementor-icon-list-item\">\n\t\t\t\t\t\t\t\t\t\t\t<a href=\"tel:+8613851556700\">\n\n\t\t\t\t\t\t\t\t\t\t\t\t<span class=\"elementor-icon-list-icon\">\n\t\t\t\t\t\t\t<svg aria-hidden=\"true\" class=\"e-font-icon-svg e-fas-phone-alt\" viewbox=\"0 0 512 512\" xmlns=\"http:\/\/www.w3.org\/2000\/svg\"><path d=\"M497.39 361.8l-112-48a24 24 0 0 0-28 6.9l-49.6 60.6A370.66 370.66 0 0 1 130.6 204.11l60.6-49.6a23.94 23.94 0 0 0 6.9-28l-48-112A24.16 24.16 0 0 0 122.6.61l-104 24A24 24 0 0 0 0 48c0 256.5 207.9 464 464 464a24 24 0 0 0 23.4-18.6l24-104a24.29 24.29 0 0 0-14.01-27.6z\"><\/path><\/svg>\t\t\t\t\t\t<\/span>\n\t\t\t\t\t\t\t\t\t\t<span class=\"elementor-icon-list-text\">+8613851556700<\/span>\n\t\t\t\t\t\t\t\t\t\t\t<\/a>\n\t\t\t\t\t\t\t\t\t<\/li>\n\t\t\t\t\t\t\t\t<li class=\"elementor-icon-list-item\">\n\t\t\t\t\t\t\t\t\t\t\t<span class=\"elementor-icon-list-icon\">\n\t\t\t\t\t\t\t<svg aria-hidden=\"true\" class=\"e-font-icon-svg e-far-user-circle\" viewbox=\"0 0 496 512\" xmlns=\"http:\/\/www.w3.org\/2000\/svg\"><path d=\"M248 104c-53 0-96 43-96 96s43 96 96 96 96-43 96-96-43-96-96-96zm0 144c-26.5 0-48-21.5-48-48s21.5-48 48-48 48 21.5 48 48-21.5 48-48 48zm0-240C111 8 0 119 0 256s111 248 248 248 248-111 248-248S385 8 248 8zm0 448c-49.7 0-95.1-18.3-130.1-48.4 14.9-23 40.4-38.6 69.6-39.5 20.8 6.4 40.6 9.6 60.5 9.6s39.7-3.1 60.5-9.6c29.2 1 54.7 16.5 69.6 39.5-35 30.1-80.4 48.4-130.1 48.4zm162.7-84.1c-24.4-31.4-62.1-51.9-105.1-51.9-10.2 0-26 9.6-57.6 9.6-31.5 0-47.4-9.6-57.6-9.6-42.9 0-80.6 20.5-105.1 51.9C61.9 339.2 48 299.2 48 256c0-110.3 89.7-200 200-200s200 89.7 200 200c0 43.2-13.9 83.2-37.3 115.9z\"><\/path><\/svg>\t\t\t\t\t\t<\/span>\n\t\t\t\t\t\t\t\t\t\t<span class=\"elementor-icon-list-text\">Aaron Shang<\/span>\n\t\t\t\t\t\t\t\t\t<\/li>\n\t\t\t\t\t\t\t\t<li class=\"elementor-icon-list-item\">\n\t\t\t\t\t\t\t\t\t\t\t<span class=\"elementor-icon-list-icon\">\n\t\t\t\t\t\t\t<svg aria-hidden=\"true\" class=\"e-font-icon-svg e-fas-map-marker-alt\" viewbox=\"0 0 384 512\" xmlns=\"http:\/\/www.w3.org\/2000\/svg\"><path d=\"M172.268 501.67C26.97 291.031 0 269.413 0 192 0 85.961 85.961 0 192 0s192 85.961 192 192c0 77.413-26.97 99.031-172.268 309.67-9.535 13.774-29.93 13.773-39.464 0zM192 272c44.183 0 80-35.817 80-80s-35.817-80-80-80-80 35.817-80 80 35.817 80 80 80z\"><\/path><\/svg>\t\t\t\t\t\t<\/span>\n\t\t\t\t\t\t\t\t\t\t<span class=\"elementor-icon-list-text\">N\u00b0 209 route Pubin, nouvelle zone de Jiangbei, Nanjing<\/span>\n\t\t\t\t\t\t\t\t\t<\/li>\n\t\t\t\t\t\t<\/ul>\n\t\t\t\t\t\t<\/div>\n\t\t\t\t<div class=\"elementor-element elementor-element-e115328 elementor-widget elementor-widget-adweb-pro-google-map\" data-id=\"e115328\" data-element_type=\"widget\" data-widget_type=\"adweb-pro-google-map.default\">\n\t\t\t\t<div class=\"elementor-widget-container\">\n\t\t\t\t\t\t\t<style>\r\n\t\t\t#map {\r\n\t\t\t\theight: 400px; \/* The height is 400 pixels *\/\r\n\t\t\t\twidth: 100%; \/* The width is the width of the web page *\/\r\n\t\t\t}\r\n\t\t<\/style>\r\n\r\n\t\t<div id=\"map\"><\/div>\r\n\r\n\t\t<script>\r\n\t\t\tfunction loadScript(url, callback) {\r\n\t\t\t\tvar script = document.createElement(\"script\");\r\n\t\t\t\tscript.type = \"text\/javascript\";\r\n\t\t\t\tif(typeof(callback) != \"undefined\"){\r\n\t\t\t\t\tif (script.readyState) {\r\n\t\t\t\t\t\tscript.onreadystatechange = function () {\r\n\t\t\t\t\t\t\tif (script.readyState == \"loaded\" || script.readyState == \"complete\") {\r\n\t\t\t\t\t\t\t\tscript.onreadystatechange = null;\r\n\t\t\t\t\t\t\t\tcallback();\r\n\t\t\t\t\t\t\t}\r\n\t\t\t\t\t\t};\r\n\t\t\t\t\t} else {\r\n\t\t\t\t\t\tscript.onload = function () {\r\n\t\t\t\t\t\t\tcallback();\r\n\t\t\t\t\t\t};\r\n\t\t\t\t\t}\r\n\t\t\t\t}\r\n\t\t\t\tscript.src = url;\r\n\t\t\t\tdocument.body.appendChild(script);\r\n\t\t\t}\r\n\t\t\tloadScript(\"https:\/\/maps.googleapis.com\/maps\/api\/js?key=AIzaSyAvTVnnDLfxdaK2i-f0pRMJOrdwZvxUBjU&libraries=places&callback=initMap\", function () {\r\n\t\t\t\tinitMap();\r\n\t\t\t})\r\n\t\t\tfunction initMap() {\r\n\t\t\t\t\/\/ The location of Uluru\r\n\t\t\t\tconst uluru = { lat: 32.0594989, lng:118.6783488};\r\n\t\t\t\t\/\/ The map, centered at Uluru\r\n\t\t\t\tconst map = new google.maps.Map(document.getElementById(\"map\"), {\r\n\t\t\t\t\tzoom: 10,\r\n\t\t\t\t\tcenter: uluru,\r\n\t\t\t\t});\r\n\t\t\t\tconst contentString =\r\n\t\t\t\t\t'<div id=\"content\">' +\r\n\t\t\t\t\t'<div id=\"siteNotice\">' +\r\n\t\t\t\t\t\"<\/div>\" +\r\n\t\t\t\t\t'<p><span style=\"color: #000000;\"><strong>Nanjing Jiangbei New Area JingyueDigital Public service Platform Co., Ltd<\/strong><\/span><\/p>'\r\n\t\t\t\t\t +\r\n\t\t\t\t\t\"<\/div>\" +\r\n\t\t\t\t\t\"<\/div>\";\r\n\r\n\t\t\t\tconst infowindow = new google.maps.InfoWindow({\r\n\t\t\t\t\tcontent: contentString,\r\n\t\t\t\t\tariaLabel: \"Uluru\",\r\n\t\t\t\t});\r\n\t\t\t\t\/\/ The marker, positioned at Uluru\r\n\t\t\t\tconst marker = new google.maps.Marker({\r\n\t\t\t\t\tposition: uluru,\r\n\t\t\t\t\tmap: map,\r\n\t\t\t\t});\r\n\t\t\t\tmarker.addListener(\"click\", () => {\r\n\t\t\t\t\tinfowindow.open({\r\n\t\t\t\t\t\tanchor: marker,\r\n\t\t\t\t\t\tmap,\r\n\t\t\t\t\t});\r\n\t\t\t\t});\r\n\t\t\t}\r\n\r\n\t\t<\/script>\r\n\t\t\t\t\t\t<\/div>\n\t\t\t\t<\/div>\n\t\t\t\t<\/div>\n\t\t<div class=\"elementor-element elementor-element-4a33767d e-con-full e-flex e-con e-child\" data-id=\"4a33767d\" data-element_type=\"container\">\n\t\t\t\t<div class=\"elementor-element elementor-element-39079734 elementor-invisible elementor-widget elementor-widget-image\" data-id=\"39079734\" data-element_type=\"widget\" data-settings=\"{&quot;_animation&quot;:&quot;zoomIn&quot;}\" data-widget_type=\"image.default\">\n\t\t\t\t\t\t\t\t\t\t\t\t\t\t\t<img fetchpriority=\"high\" decoding=\"async\" width=\"1248\" height=\"832\" src=\"https:\/\/www.homefurnitureliving.com\/wp-content\/uploads\/2025\/11\/img_v3_02rq_f2ac326c-a4db-4547-8016-910c836e5b0g.webp\" class=\"attachment-full size-full wp-image-8493\" alt=\"\" srcset=\"https:\/\/www.homefurnitureliving.com\/wp-content\/uploads\/2025\/11\/img_v3_02rq_f2ac326c-a4db-4547-8016-910c836e5b0g.webp 1248w, https:\/\/www.homefurnitureliving.com\/wp-content\/uploads\/2025\/11\/img_v3_02rq_f2ac326c-a4db-4547-8016-910c836e5b0g-300x200.webp 300w, https:\/\/www.homefurnitureliving.com\/wp-content\/uploads\/2025\/11\/img_v3_02rq_f2ac326c-a4db-4547-8016-910c836e5b0g-1024x683.webp 1024w, https:\/\/www.homefurnitureliving.com\/wp-content\/uploads\/2025\/11\/img_v3_02rq_f2ac326c-a4db-4547-8016-910c836e5b0g-768x512.webp 768w\" sizes=\"(max-width: 1248px) 100vw, 1248px\" data-no-translation=\"\" \/>\t\t\t\t\t\t\t\t\t\t\t\t\t\t\t<\/div>\n\t\t\t\t<\/div>\n\t\t\t\t\t<\/div>\n\t\t\t\t<\/div>\n\t\t<div class=\"elementor-element elementor-element-4c147e1 e-flex e-con-boxed e-con e-parent\" data-id=\"4c147e1\" data-element_type=\"container\" data-settings=\"{&quot;background_background&quot;:&quot;classic&quot;}\">\n\t\t\t\t\t<div class=\"e-con-inner\">\n\t\t<div class=\"elementor-element elementor-element-b2e7ef7 e-con-full e-flex elementor-invisible e-con e-child\" data-id=\"b2e7ef7\" data-element_type=\"container\" data-settings=\"{&quot;animation&quot;:&quot;bounceInRight&quot;}\">\n\t\t\t\t<div class=\"elementor-element elementor-element-a0e4eab elementor-invisible elementor-widget elementor-widget-heading\" data-id=\"a0e4eab\" data-element_type=\"widget\" data-settings=\"{&quot;_animation&quot;:&quot;fadeInUp&quot;}\" data-widget_type=\"heading.default\">\n\t\t\t\t\t<h6 class=\"elementor-heading-title elementor-size-default\">Contactez-nous<\/h6>\t\t\t\t<\/div>\n\t\t\t\t<div class=\"elementor-element elementor-element-0e6f063 elementor-widget elementor-widget-heading\" data-id=\"0e6f063\" data-element_type=\"widget\" data-widget_type=\"heading.default\">\n\t\t\t\t\t<h2 class=\"elementor-heading-title elementor-size-default\">Envoyez-nous un message<\/h2>\t\t\t\t<\/div>\n\t\t\t\t<div class=\"elementor-element elementor-element-532ca5f elementor-widget elementor-widget-text-editor\" data-id=\"532ca5f\" data-element_type=\"widget\" data-widget_type=\"text-editor.default\">\n\t\t\t\t\t\t\t\t\t<p>Que vous souhaitiez obtenir des informations sur les d\u00e9tails des meubles ou que vous ayez des besoins en mati\u00e8re d'approvisionnement, vous pouvez nous contacter via le formulaire. Nous vous r\u00e9pondrons rapidement et vous proposerons des solutions adapt\u00e9es pour votre maison !<\/p>\t\t\t\t\t\t\t\t<\/div>\n\t\t\t\t<\/div>\n\t\t<div class=\"elementor-element elementor-element-1bedd08 e-con-full e-flex e-con e-child\" data-id=\"1bedd08\" data-element_type=\"container\" data-settings=\"{&quot;background_background&quot;:&quot;classic&quot;}\">\n\t\t\t\t<div class=\"elementor-element elementor-element-2107ecd elementor-widget elementor-widget-wpforms\" data-id=\"2107ecd\" data-element_type=\"widget\" data-widget_type=\"wpforms.default\">\n\t\t\t\t<div class=\"elementor-widget-container\">\n\t\t\t\t\t<div class=\"wpforms-container wpforms-container-full\" id=\"wpforms-206\"><form id=\"wpforms-form-206\" class=\"wpforms-validate wpforms-form wpforms-ajax-form\" data-formid=\"206\" method=\"post\" enctype=\"multipart\/form-data\" action=\"\/fr\/wp-json\/wp\/v2\/pages\/165\" data-token=\"7aae3d13aa0b8ca57b41fcc94bb25568\" data-token-time=\"1778638450\" data-trp-original-action=\"\/fr\/wp-json\/wp\/v2\/pages\/165\"><noscript class=\"wpforms-error-noscript\">Veuillez activer JavaScript dans votre navigateur pour compl\u00e9ter ce formulaire.<\/noscript><div class=\"wpforms-field-container\"><div id=\"wpforms-206-field_7-container\" class=\"wpforms-field wpforms-field-layout\" data-field-id=\"7\"><div class=\"wpforms-field-layout-rows wpforms-field-large\"><div class=\"wpforms-layout-row\"><div class=\"wpforms-layout-column wpforms-layout-column-50\"><div id=\"wpforms-206-field_1-container\" class=\"wpforms-field wpforms-field-text\" data-field-id=\"1\"><label class=\"wpforms-field-label wpforms-label-hide\" for=\"wpforms-206-field_1\">Nom<\/label><input type=\"text\" id=\"wpforms-206-field_1\" class=\"wpforms-field-large\" name=\"wpforms[fields][1]\" placeholder=\"NOM\" ><\/div><\/div><div class=\"wpforms-layout-column wpforms-layout-column-50\"><div id=\"wpforms-206-field_8-container\" class=\"wpforms-field wpforms-field-text\" data-field-id=\"8\"><label class=\"wpforms-field-label wpforms-label-hide\" for=\"wpforms-206-field_8\">Entreprise<\/label><input type=\"text\" id=\"wpforms-206-field_8\" class=\"wpforms-field-large\" name=\"wpforms[fields][8]\" placeholder=\"ENTREPRISE\" ><\/div><\/div><\/div><div class=\"wpforms-layout-row\"><div class=\"wpforms-layout-column wpforms-layout-column-50\"><div id=\"wpforms-206-field_2-container\" class=\"wpforms-field wpforms-field-email\" data-field-id=\"2\"><label class=\"wpforms-field-label wpforms-label-hide\" for=\"wpforms-206-field_2\">E-mail <span class=\"wpforms-required-label\">*<\/span><\/label><input type=\"email\" id=\"wpforms-206-field_2\" class=\"wpforms-field-large wpforms-field-required\" name=\"wpforms[fields][2]\" placeholder=\"* E-MAIL\" spellcheck=\"false\" required><\/div><\/div><div class=\"wpforms-layout-column wpforms-layout-column-50\"><div id=\"wpforms-206-field_3-container\" class=\"wpforms-field wpforms-field-phone\" data-field-id=\"3\"><label class=\"wpforms-field-label wpforms-label-hide\" for=\"wpforms-206-field_3\">T\u00e9l\u00e9phone<\/label><input type=\"tel\" id=\"wpforms-206-field_3\" class=\"wpforms-field-large\" data-rule-int-phone-field=\"true\" name=\"wpforms[fields][3]\" placeholder=\"T\u00c9L\u00c9PHONE\" aria-label=\"T\u00e9l\u00e9phone\" ><\/div><\/div><\/div><\/div><\/div><div id=\"wpforms-206-field_4-container\" class=\"wpforms-field wpforms-field-textarea\" data-field-id=\"4\"><label class=\"wpforms-field-label wpforms-label-hide\" for=\"wpforms-206-field_4\">Message <span class=\"wpforms-required-label\">*<\/span><\/label><textarea id=\"wpforms-206-field_4\" class=\"wpforms-field-large wpforms-field-required\" name=\"wpforms[fields][4]\" placeholder=\"* MESSAGE ICI\" required><\/textarea><\/div><div id=\"wpforms-206-field_6-container\" class=\"wpforms-field wpforms-field-hidden\" data-field-id=\"6\"><input type=\"hidden\" id=\"wpforms-206-field_6\" name=\"wpforms[fields][6]\" value=\"https:\/\/www.homefurnitureliving.com\/fr\/wp-json\/wp\/v2\/pages\/165\"><\/div><div id=\"wpforms-206-field_5-container\" class=\"wpforms-field wpforms-field-hidden\" data-field-id=\"5\"><input type=\"hidden\" id=\"wpforms-206-field_5\" name=\"wpforms[fields][5]\" value=\"216.73.217.67\"><\/div>\r\n<div class=\"display-wsc-products\">\r\n\r\n\r\n\t<table style=\"width: 100%\">\r\n\t\t<tbody>\r\n\r\n\t\t\r\n\t\t<\/tbody>\r\n\t<\/table>\r\n\r\n<\/div>\r\n\t\t\t<!--\t\t\t<div class=\"adweb-custom-fields-wrapper\">-->\r\n\t\t\t<!--\t\t\t\t<div id=\"wpforms---><!---field_selected_products-container\" class=\"wpforms-field wpforms-field-select wpforms-field-select-style-modern\" data-field-id=\"12\">-->\r\n\t\t\t<!--\t\t\t\t\t<label class=\"wpforms-field-label\" for=\"wpforms-206-field_12\">\u611f\u5174\u8da3\u4ea7\u54c1<\/label>-->\r\n\t\t\t<!--\t\t\t\t\t<select id=\"wpforms-206-field_12\" class=\"wpforms-field-large choicesjs-select\" data-size-class=\"wpforms-field-row wpforms-field-large\" data-search-enabled=\"1\" name=\"wpforms[fields][12]\">-->\r\n\t\t\t<!--\t\t\t\t\t\t-->\t\t\t<!--\t\t\t\t\t\t\t<option value=\"--><!--\">--><!--<\/option>-->\r\n\t\t\t<!--\t\t\t\t\t\t-->\t\t\t<!--\t\t\t\t\t<\/select>-->\r\n\t\t\t<!--\t\t\t\t<\/div>-->\r\n\t\t\t<!---->\r\n\t\t\t<!--\t\t\t\t<div id=\"wpforms---><!---field_selected_product_number-container\" class=\"wpforms-field wpforms-field-number\" data-field-id=\"13\">-->\r\n\t\t\t<!--\t\t\t\t\t<label class=\"wpforms-field-label\" for=\"wpforms-206-field_13\">\u6570\u91cf<\/label>-->\r\n\t\t\t<!--\t\t\t\t\t<input type=\"number\" id=\"wpforms-206-field_13\" class=\"wpforms-field-large\" name=\"wpforms[fields][13]\" value=\"1\">-->\r\n\t\t\t<!--\t\t\t\t<\/div>-->\r\n\t\t\t<!---->\r\n\t\t\t<!--\t\t\t\t<div id=\"wpforms---><!---field_selected_product_number-container\" class=\"wpforms-field wpforms-field-button\" data-field-id=\"13\">-->\r\n\t\t\t<!--\t\t\t\t\t<label class=\"wpforms-field-label\" for=\"wpforms-206-field_13\">\u6dfb\u52a0<\/label>-->\r\n\t\t\t<!--\t\t\t\t\t<button type=\"submit\" name=\"add-to-cart\" value=\"439\" class=\"webform_single_add_to_cart_button button alt wp-element-button\" style=\"display: inline-block\">Add-->\r\n\t\t\t<!--\t\t\t\t\t<\/button>-->\r\n\t\t\t<!--\t\t\t\t<\/div>-->\r\n\t\t\t<!---->\r\n\t\t\t<!--\t\t\t<\/div>-->\r\n\r\n\t\t\t<\/div><!-- .wpforms-field-container --><div class=\"wpforms-recaptcha-container wpforms-is-turnstile\" ><div class=\"g-recaptcha\" data-sitekey=\"0x4AAAAAACEs-Dh3kGyxlW1e\" data-action=\"FormID-206\"><\/div><input type=\"text\" name=\"g-recaptcha-hidden\" class=\"wpforms-recaptcha-hidden\" style=\"position:absolute!important;clip:rect(0,0,0,0)!important;height:1px!important;width:1px!important;border:0!important;overflow:hidden!important;padding:0!important;margin:0!important;\" data-rule-turnstile=\"1\"><\/div><div class=\"wpforms-submit-container\" ><input type=\"hidden\" name=\"wpforms[id]\" value=\"206\"><input type=\"hidden\" name=\"page_title\" value=\"\"><input type=\"hidden\" name=\"page_url\" value=\"https:\/\/www.homefurnitureliving.com\/fr\/wp-json\/wp\/v2\/pages\/165\"><input type=\"hidden\" name=\"url_referer\" value=\"\"><button type=\"submit\" name=\"wpforms[submit]\" id=\"wpforms-submit-206\" class=\"wpforms-submit\" data-alt-text=\"Sending...\" data-submit-text=\"Send\" aria-live=\"assertive\" value=\"wpforms-submit\">Envoyer<\/button><img decoding=\"async\" src=\"https:\/\/www.homefurnitureliving.com\/wp-content\/plugins\/wpforms\/assets\/images\/submit-spin.svg\" class=\"wpforms-submit-spinner\" style=\"display: none;\" width=\"26\" height=\"26\" alt=\"Loading\" data-no-translation=\"\"><\/div><input type=\"hidden\" name=\"trp-form-language\" value=\"fr\"\/><\/form><\/div>  <!-- .wpforms-container -->\t\t\t\t<\/div>\n\t\t\t\t<\/div>\n\t\t\t\t<\/div>\n\t\t\t\t\t<\/div>\n\t\t\t\t<\/div>\n\t\t\t\t<\/div>","protected":false},"excerpt":{"rendered":"<p>Contact Prenez contact No. 209 Pubin Road, Jiangbei New District, Nanjing Contactez-nous Envoyez-nous un message Que vous souhaitiez obtenir des informations sur des meubles ou que vous ayez des besoins en mati\u00e8re d'approvisionnement, vous pouvez nous contacter via le formulaire. Nous vous r\u00e9pondrons rapidement et vous fournirons des solutions d'am\u00e9nagement r\u00e9fl\u00e9chies ! \u8bf7\u5728\u6d4f\u89c8\u5668\u4e2d\u542f\u7528JavaScript\u6765\u5b8c\u6210\u6b64\u8868\u5355\u3002NameCompanyEmail *Message t\u00e9l\u00e9phonique * Envoyer<\/p>","protected":false},"author":1,"featured_media":0,"parent":0,"menu_order":0,"comment_status":"closed","ping_status":"closed","template":"","meta":{"_acf_changed":false,"footnotes":""},"class_list":["post-165","page","type-page","status-publish","hentry"],"acf":[],"_links":{"self":[{"href":"https:\/\/www.homefurnitureliving.com\/fr\/wp-json\/wp\/v2\/pages\/165","targetHints":{"allow":["GET"]}}],"collection":[{"href":"https:\/\/www.homefurnitureliving.com\/fr\/wp-json\/wp\/v2\/pages"}],"about":[{"href":"https:\/\/www.homefurnitureliving.com\/fr\/wp-json\/wp\/v2\/types\/page"}],"author":[{"embeddable":true,"href":"https:\/\/www.homefurnitureliving.com\/fr\/wp-json\/wp\/v2\/users\/1"}],"replies":[{"embeddable":true,"href":"https:\/\/www.homefurnitureliving.com\/fr\/wp-json\/wp\/v2\/comments?post=165"}],"version-history":[{"count":0,"href":"https:\/\/www.homefurnitureliving.com\/fr\/wp-json\/wp\/v2\/pages\/165\/revisions"}],"wp:attachment":[{"href":"https:\/\/www.homefurnitureliving.com\/fr\/wp-json\/wp\/v2\/media?parent=165"}],"curies":[{"name":"wp","href":"https:\/\/api.w.org\/{rel}","templated":true}]}}