{"id":8530,"date":"2025-11-20T16:14:52","date_gmt":"2025-11-20T08:14:52","guid":{"rendered":"https:\/\/www.homefurnitureliving.com\/?page_id=8530"},"modified":"2025-11-20T16:16:49","modified_gmt":"2025-11-20T08:16:49","slug":"recover-password","status":"publish","type":"page","link":"https:\/\/www.homefurnitureliving.com\/pt\/recover-password\/","title":{"rendered":"Recuperar palavra-passe"},"content":{"rendered":"<div data-elementor-type=\"wp-page\" data-elementor-id=\"8530\" class=\"elementor elementor-8530\" data-elementor-post-type=\"page\">\n\t\t\t\t<div class=\"elementor-element elementor-element-5f7e0a1 e-flex e-con-boxed e-con e-parent\" data-id=\"5f7e0a1\" data-element_type=\"container\">\n\t\t\t\t\t<div class=\"e-con-inner\">\n\t\t\t\t<div class=\"elementor-element elementor-element-a3919ec elementor-widget elementor-widget-heading\" data-id=\"a3919ec\" data-element_type=\"widget\" data-widget_type=\"heading.default\">\n\t\t\t\t\t<h2 class=\"elementor-heading-title elementor-size-default\">Recuperar palavra-passe<\/h2>\t\t\t\t<\/div>\n\t\t\t\t<div class=\"elementor-element elementor-element-2d1cdc2 elementor-widget elementor-widget-shortcode\" data-id=\"2d1cdc2\" data-element_type=\"widget\" data-widget_type=\"shortcode.default\">\n\t\t\t\t\t\t\t<div class=\"elementor-shortcode\"><div id=\"wppb-form-style-3-wrapper\"><div class=\"wppb_holder\" id=\"wppb-recover-password-container\">\t<form enctype=\"multipart\/form-data\" method=\"post\" id=\"wppb-recover-password\" class=\"wppb-user-forms\" action=\"https:\/\/www.homefurnitureliving.com\/pt\/wp-json\/wp\/v2\/pages\/8530\" data-trp-original-action=\"https:\/\/www.homefurnitureliving.com\/pt\/wp-json\/wp\/v2\/pages\/8530\">\n\t<p>Introduza o seu nome de utilizador ou endere\u00e7o de e-mail.<br \/>Receber\u00e1 uma liga\u00e7\u00e3o para criar uma nova palavra-passe por correio eletr\u00f3nico.<\/p><ul>\n\t\t\t<li class=\"wppb-form-field wppb-username-email wppb-form-text-field label-outside\">\n\t\t\t\t<label for=\"username_email\">Nome de utilizador ou e-mail<\/label>\n\t\t\t\t<input class=\"text-input\" name=\"username_email\" type=\"text\" id=\"username_email\" value=\"\"  \/>\n\t\t\t<\/li><!-- .username_email --><\/ul>\t<p class=\"form-submit\">\n\t\t\t\t<input name=\"recover_password\" type=\"submit\" id=\"wppb-recover-password-button\" class=\"submit button\" value=\"Obter nova palavra-passe\" \/>\n\t\t<input name=\"action\" type=\"hidden\" id=\"action\" value=\"recover_password\" \/>\n\t<\/p>\n\t<input type=\"hidden\" id=\"password_recovery_nonce_field\" name=\"password_recovery_nonce_field\" value=\"a76c67ea17\" \/><input type=\"hidden\" name=\"_wp_http_referer\" value=\"\/pt\/wp-json\/wp\/v2\/pages\/8530\" \/>\t<input type=\"hidden\" name=\"trp-form-language\" value=\"pt\"\/><\/form>\n\t<\/div><\/div><\/div>\n\t\t\t\t\t\t<\/div>\n\t\t\t\t\t<\/div>\n\t\t\t\t<\/div>\n\t\t\t\t<\/div>","protected":false},"excerpt":{"rendered":"<p>Recuperar palavra-passe<\/p>","protected":false},"author":1,"featured_media":0,"parent":0,"menu_order":0,"comment_status":"closed","ping_status":"closed","template":"","meta":{"_acf_changed":false,"footnotes":""},"class_list":["post-8530","page","type-page","status-publish","hentry"],"acf":[],"_links":{"self":[{"href":"https:\/\/www.homefurnitureliving.com\/pt\/wp-json\/wp\/v2\/pages\/8530","targetHints":{"allow":["GET"]}}],"collection":[{"href":"https:\/\/www.homefurnitureliving.com\/pt\/wp-json\/wp\/v2\/pages"}],"about":[{"href":"https:\/\/www.homefurnitureliving.com\/pt\/wp-json\/wp\/v2\/types\/page"}],"author":[{"embeddable":true,"href":"https:\/\/www.homefurnitureliving.com\/pt\/wp-json\/wp\/v2\/users\/1"}],"replies":[{"embeddable":true,"href":"https:\/\/www.homefurnitureliving.com\/pt\/wp-json\/wp\/v2\/comments?post=8530"}],"version-history":[{"count":0,"href":"https:\/\/www.homefurnitureliving.com\/pt\/wp-json\/wp\/v2\/pages\/8530\/revisions"}],"wp:attachment":[{"href":"https:\/\/www.homefurnitureliving.com\/pt\/wp-json\/wp\/v2\/media?parent=8530"}],"curies":[{"name":"wp","href":"https:\/\/api.w.org\/{rel}","templated":true}]}}